{"id":31673,"date":"2025-08-26T14:08:56","date_gmt":"2025-08-26T13:08:56","guid":{"rendered":"https:\/\/malteholthaus.com\/?page_id=31673"},"modified":"2025-11-05T19:58:45","modified_gmt":"2025-11-05T18:58:45","slug":"home","status":"publish","type":"page","link":"https:\/\/malteholthaus.com\/de\/","title":{"rendered":"Home"},"content":{"rendered":"\t\t<div data-elementor-type=\"wp-post\" data-elementor-id=\"31673\" class=\"elementor elementor-31673\" data-elementor-post-type=\"page\">\n\t\t\t\t<div class=\"elementor-element elementor-element-bd55ee5 e-con-full e-flex e-con e-parent\" data-id=\"bd55ee5\" data-element_type=\"container\" data-e-type=\"container\" data-settings=\"{&quot;background_background&quot;:&quot;classic&quot;}\">\n\t\t\t\t<div class=\"elementor-element elementor-element-1f04362 elementor-widget elementor-widget-spacer\" data-id=\"1f04362\" data-element_type=\"widget\" data-e-type=\"widget\" data-widget_type=\"spacer.default\">\n\t\t\t\t<div class=\"elementor-widget-container\">\n\t\t\t\t\t\t\t<div class=\"elementor-spacer\">\n\t\t\t<div class=\"elementor-spacer-inner\"><\/div>\n\t\t<\/div>\n\t\t\t\t\t\t<\/div>\n\t\t\t\t<\/div>\n\t\t<div class=\"elementor-element elementor-element-fae3bb0 e-con-full e-flex e-con e-child\" data-id=\"fae3bb0\" data-element_type=\"container\" data-e-type=\"container\">\n\t\t<div class=\"elementor-element elementor-element-a23d19e e-con-full e-flex e-con e-child\" data-id=\"a23d19e\" data-element_type=\"container\" data-e-type=\"container\">\n\t\t\t\t<div class=\"elementor-element elementor-element-c5e45b4 elementor-widget__width-initial elementor-widget elementor-widget-image\" data-id=\"c5e45b4\" data-element_type=\"widget\" data-e-type=\"widget\" data-widget_type=\"image.default\">\n\t\t\t\t<div class=\"elementor-widget-container\">\n\t\t\t\t\t\t\t\t\t\t\t\t\t\t\t<img fetchpriority=\"high\" decoding=\"async\" width=\"800\" height=\"100\" src=\"http:\/\/malteholthaus.com\/wp-content\/uploads\/2025\/10\/LOGO-SaT-links-1024x128.png\" class=\"attachment-large size-large wp-image-34043\" alt=\"\" srcset=\"http:\/\/malteholthaus.com\/wp-content\/uploads\/2025\/10\/LOGO-SaT-links-1024x128.png 1024w, http:\/\/malteholthaus.com\/wp-content\/uploads\/2025\/10\/LOGO-SaT-links-300x38.png 300w, http:\/\/malteholthaus.com\/wp-content\/uploads\/2025\/10\/LOGO-SaT-links-768x96.png 768w, http:\/\/malteholthaus.com\/wp-content\/uploads\/2025\/10\/LOGO-SaT-links-1536x192.png 1536w, http:\/\/malteholthaus.com\/wp-content\/uploads\/2025\/10\/LOGO-SaT-links-18x2.png 18w, http:\/\/malteholthaus.com\/wp-content\/uploads\/2025\/10\/LOGO-SaT-links.png 2000w\" sizes=\"(max-width: 800px) 100vw, 800px\" \/>\t\t\t\t\t\t\t\t\t\t\t\t\t\t\t<\/div>\n\t\t\t\t<\/div>\n\t\t\t\t<\/div>\n\t\t\t\t<div class=\"elementor-element elementor-element-2438358 elementor-widget__width-initial elementor-widget elementor-widget-image\" data-id=\"2438358\" data-element_type=\"widget\" data-e-type=\"widget\" data-widget_type=\"image.default\">\n\t\t\t\t<div class=\"elementor-widget-container\">\n\t\t\t\t\t\t\t\t\t\t\t\t\t\t\t<img decoding=\"async\" width=\"1536\" height=\"1536\" src=\"http:\/\/malteholthaus.com\/wp-content\/uploads\/2025\/08\/P4092248-1536x1536.jpeg\" class=\"attachment-1536x1536 size-1536x1536 wp-image-31623\" alt=\"\" srcset=\"http:\/\/malteholthaus.com\/wp-content\/uploads\/2025\/08\/P4092248-1536x1536.jpeg 1536w, http:\/\/malteholthaus.com\/wp-content\/uploads\/2025\/08\/P4092248-300x300.jpeg 300w, http:\/\/malteholthaus.com\/wp-content\/uploads\/2025\/08\/P4092248-1024x1024.jpeg 1024w, http:\/\/malteholthaus.com\/wp-content\/uploads\/2025\/08\/P4092248-150x150.jpeg 150w, http:\/\/malteholthaus.com\/wp-content\/uploads\/2025\/08\/P4092248-768x768.jpeg 768w, http:\/\/malteholthaus.com\/wp-content\/uploads\/2025\/08\/P4092248-2048x2048.jpeg 2048w, http:\/\/malteholthaus.com\/wp-content\/uploads\/2025\/08\/P4092248-12x12.jpeg 12w\" sizes=\"(max-width: 1536px) 100vw, 1536px\" \/>\t\t\t\t\t\t\t\t\t\t\t\t\t\t\t<\/div>\n\t\t\t\t<\/div>\n\t\t\t\t<\/div>\n\t\t\t\t<\/div>\n\t\t<div class=\"elementor-element elementor-element-e148974 e-con-full e-flex e-con e-parent\" data-id=\"e148974\" data-element_type=\"container\" data-e-type=\"container\" data-settings=\"{&quot;background_background&quot;:&quot;classic&quot;}\">\n\t\t\t\t<div class=\"elementor-element elementor-element-1c4e73c elementor-widget elementor-widget-spacer\" data-id=\"1c4e73c\" data-element_type=\"widget\" data-e-type=\"widget\" data-widget_type=\"spacer.default\">\n\t\t\t\t<div class=\"elementor-widget-container\">\n\t\t\t\t\t\t\t<div class=\"elementor-spacer\">\n\t\t\t<div class=\"elementor-spacer-inner\"><\/div>\n\t\t<\/div>\n\t\t\t\t\t\t<\/div>\n\t\t\t\t<\/div>\n\t\t<div class=\"elementor-element elementor-element-246417f e-con-full e-flex e-con e-child\" data-id=\"246417f\" data-element_type=\"container\" data-e-type=\"container\">\n\t\t\t\t<div class=\"elementor-element elementor-element-19a8470 elementor-widget__width-initial elementor-widget elementor-widget-heading\" data-id=\"19a8470\" data-element_type=\"widget\" data-e-type=\"widget\" data-widget_type=\"heading.default\">\n\t\t\t\t<div class=\"elementor-widget-container\">\n\t\t\t\t\t<h2 class=\"elementor-heading-title elementor-size-default\">Capability Building f\u00fcr Wirtschaftskanzleien<\/h2>\t\t\t\t<\/div>\n\t\t\t\t<\/div>\n\t\t\t\t<div class=\"elementor-element elementor-element-a589eb2 elementor-widget__width-initial elementor-widget elementor-widget-heading\" data-id=\"a589eb2\" data-element_type=\"widget\" data-e-type=\"widget\" data-widget_type=\"heading.default\">\n\t\t\t\t<div class=\"elementor-widget-container\">\n\t\t\t\t\t<h2 class=\"elementor-heading-title elementor-size-default\">Talent Development, Coaching &amp; Advisory an der Schnittstelle von Recht und Wirtschaft<\/h2>\t\t\t\t<\/div>\n\t\t\t\t<\/div>\n\t\t\t\t<div class=\"elementor-element elementor-element-b29e997 elementor-widget elementor-widget-spacer\" data-id=\"b29e997\" data-element_type=\"widget\" data-e-type=\"widget\" data-widget_type=\"spacer.default\">\n\t\t\t\t<div class=\"elementor-widget-container\">\n\t\t\t\t\t\t\t<div class=\"elementor-spacer\">\n\t\t\t<div class=\"elementor-spacer-inner\"><\/div>\n\t\t<\/div>\n\t\t\t\t\t\t<\/div>\n\t\t\t\t<\/div>\n\t\t\t\t<div class=\"elementor-element elementor-element-21df62e elementor-widget elementor-widget-button\" data-id=\"21df62e\" data-element_type=\"widget\" data-e-type=\"widget\" data-widget_type=\"button.default\">\n\t\t\t\t<div class=\"elementor-widget-container\">\n\t\t\t\t\t\t\t\t\t<div class=\"elementor-button-wrapper\">\n\t\t\t\t\t<a class=\"elementor-button elementor-button-link elementor-size-sm\" href=\"mailto:malte@malteholthaus.com\">\n\t\t\t\t\t\t<span class=\"elementor-button-content-wrapper\">\n\t\t\t\t\t\t\t\t\t<span class=\"elementor-button-text\">Kontakt aufnehmen<\/span>\n\t\t\t\t\t<\/span>\n\t\t\t\t\t<\/a>\n\t\t\t\t<\/div>\n\t\t\t\t\t\t\t\t<\/div>\n\t\t\t\t<\/div>\n\t\t\t\t<div class=\"elementor-element elementor-element-06022f1 elementor-widget elementor-widget-spacer\" data-id=\"06022f1\" data-element_type=\"widget\" data-e-type=\"widget\" data-widget_type=\"spacer.default\">\n\t\t\t\t<div class=\"elementor-widget-container\">\n\t\t\t\t\t\t\t<div class=\"elementor-spacer\">\n\t\t\t<div class=\"elementor-spacer-inner\"><\/div>\n\t\t<\/div>\n\t\t\t\t\t\t<\/div>\n\t\t\t\t<\/div>\n\t\t\t\t<div class=\"elementor-element elementor-element-f78f258 elementor-widget elementor-widget-spacer\" data-id=\"f78f258\" data-element_type=\"widget\" data-e-type=\"widget\" data-widget_type=\"spacer.default\">\n\t\t\t\t<div class=\"elementor-widget-container\">\n\t\t\t\t\t\t\t<div class=\"elementor-spacer\">\n\t\t\t<div class=\"elementor-spacer-inner\"><\/div>\n\t\t<\/div>\n\t\t\t\t\t\t<\/div>\n\t\t\t\t<\/div>\n\t\t\t\t<\/div>\n\t\t\t\t<\/div>\n\t\t<div class=\"elementor-element elementor-element-2f0051f e-con-full e-flex e-con e-parent\" data-id=\"2f0051f\" data-element_type=\"container\" data-e-type=\"container\" data-settings=\"{&quot;background_background&quot;:&quot;classic&quot;}\">\n\t\t<div class=\"elementor-element elementor-element-5c1a00e e-con-full e-flex e-con e-child\" data-id=\"5c1a00e\" data-element_type=\"container\" data-e-type=\"container\">\n\t\t\t\t<div class=\"elementor-element elementor-element-5598dba elementor-widget elementor-widget-heading\" data-id=\"5598dba\" data-element_type=\"widget\" data-e-type=\"widget\" data-widget_type=\"heading.default\">\n\t\t\t\t<div class=\"elementor-widget-container\">\n\t\t\t\t\t<h2 class=\"elementor-heading-title elementor-size-default\">Kein Fluff.<\/h2>\t\t\t\t<\/div>\n\t\t\t\t<\/div>\n\t\t\t\t<div class=\"elementor-element elementor-element-8f9a310 elementor-widget__width-initial elementor-icon-list--layout-traditional elementor-list-item-link-full_width elementor-widget elementor-widget-icon-list\" data-id=\"8f9a310\" data-element_type=\"widget\" data-e-type=\"widget\" data-widget_type=\"icon-list.default\">\n\t\t\t\t<div class=\"elementor-widget-container\">\n\t\t\t\t\t\t\t<ul class=\"elementor-icon-list-items\">\n\t\t\t\t\t\t\t<li class=\"elementor-icon-list-item\">\n\t\t\t\t\t\t\t\t\t\t\t<span class=\"elementor-icon-list-icon\">\n\t\t\t\t\t\t\t<i aria-hidden=\"true\" class=\"fas fa-chevron-circle-right\"><\/i>\t\t\t\t\t\t<\/span>\n\t\t\t\t\t\t\t\t\t\t<span class=\"elementor-icon-list-text\">Nur, was sich in mehr als 20 Jahren Erfahrung auf beiden Seiten (ich war Partner einer globalen Top-Kanzlei) bew\u00e4hrt hat.<\/span>\n\t\t\t\t\t\t\t\t\t<\/li>\n\t\t\t\t\t\t\t\t<li class=\"elementor-icon-list-item\">\n\t\t\t\t\t\t\t\t\t\t\t<span class=\"elementor-icon-list-icon\">\n\t\t\t\t\t\t\t<i aria-hidden=\"true\" class=\"fas fa-chevron-circle-right\"><\/i>\t\t\t\t\t\t<\/span>\n\t\t\t\t\t\t\t\t\t\t<span class=\"elementor-icon-list-text\">Was Top-Kanzleien und ihren Teams einen Wettbewerbsvorteil verschafft. Oder den Beteiligten das Leben einfacher macht. Oder beides.<\/span>\n\t\t\t\t\t\t\t\t\t<\/li>\n\t\t\t\t\t\t\t\t<li class=\"elementor-icon-list-item\">\n\t\t\t\t\t\t\t\t\t\t\t<span class=\"elementor-icon-list-icon\">\n\t\t\t\t\t\t\t<i aria-hidden=\"true\" class=\"fas fa-chevron-circle-right\"><\/i>\t\t\t\t\t\t<\/span>\n\t\t\t\t\t\t\t\t\t\t<span class=\"elementor-icon-list-text\">keine generischen Ans\u00e4tze, gerade noch mit \"...f\u00fcr Anw\u00e4lte\"&nbsp; kosmetisch behandelt<\/span>\n\t\t\t\t\t\t\t\t\t<\/li>\n\t\t\t\t\t\t\t\t<li class=\"elementor-icon-list-item\">\n\t\t\t\t\t\t\t\t\t\t\t<span class=\"elementor-icon-list-icon\">\n\t\t\t\t\t\t\t<i aria-hidden=\"true\" class=\"fas fa-chevron-circle-right\"><\/i>\t\t\t\t\t\t<\/span>\n\t\t\t\t\t\t\t\t\t\t<span class=\"elementor-icon-list-text\">keine Theorie ohne Anwendungsbezug<\/span>\n\t\t\t\t\t\t\t\t\t<\/li>\n\t\t\t\t\t\t\t\t<li class=\"elementor-icon-list-item\">\n\t\t\t\t\t\t\t\t\t\t\t<span class=\"elementor-icon-list-icon\">\n\t\t\t\t\t\t\t<i aria-hidden=\"true\" class=\"fas fa-chevron-circle-right\"><\/i>\t\t\t\t\t\t<\/span>\n\t\t\t\t\t\t\t\t\t\t<span class=\"elementor-icon-list-text\">nichts, was vielleicht in anderen Organisationen helfen kann - aber in einer modernen, ambitionierten Wirtschaftskanzlei nicht gut funktioniert<\/span>\n\t\t\t\t\t\t\t\t\t<\/li>\n\t\t\t\t\t\t\t\t<li class=\"elementor-icon-list-item\">\n\t\t\t\t\t\t\t\t\t\t\t<span class=\"elementor-icon-list-icon\">\n\t\t\t\t\t\t\t<i aria-hidden=\"true\" class=\"fas fa-chevron-circle-right\"><\/i>\t\t\t\t\t\t<\/span>\n\t\t\t\t\t\t\t\t\t\t<span class=\"elementor-icon-list-text\">nur, was wirklich funktioniert. In der Praxis. In einer sich schnell ver\u00e4ndernden, dynamischen und herausfordernden Umgebung. Unter Druck. Immer wieder.<\/span>\n\t\t\t\t\t\t\t\t\t<\/li>\n\t\t\t\t\t\t<\/ul>\n\t\t\t\t\t\t<\/div>\n\t\t\t\t<\/div>\n\t\t\t\t<\/div>\n\t\t\t\t<\/div>\n\t\t<div class=\"elementor-element elementor-element-a73454a e-con-full e-flex e-con e-parent\" data-id=\"a73454a\" data-element_type=\"container\" data-e-type=\"container\" data-settings=\"{&quot;background_background&quot;:&quot;classic&quot;}\">\n\t\t<div class=\"elementor-element elementor-element-636f38a e-con-full e-flex e-con e-child\" data-id=\"636f38a\" data-element_type=\"container\" data-e-type=\"container\">\n\t\t\t\t<div class=\"elementor-element elementor-element-4c41707 elementor-widget__width-inherit elementor-widget elementor-widget-heading\" data-id=\"4c41707\" data-element_type=\"widget\" data-e-type=\"widget\" data-widget_type=\"heading.default\">\n\t\t\t\t<div class=\"elementor-widget-container\">\n\t\t\t\t\t<h2 class=\"elementor-heading-title elementor-size-default\">DREI M\u00d6GLICHKEITEN, VON DER ZUSAMMENARBEIT MIT MIR ZU PROFITIEREN:<\/h2>\t\t\t\t<\/div>\n\t\t\t\t<\/div>\n\t\t\t\t<\/div>\n\t\t\t\t<\/div>\n\t\t<div class=\"elementor-element elementor-element-b2b0cc3 e-con-full e-flex e-con e-parent\" data-id=\"b2b0cc3\" data-element_type=\"container\" data-e-type=\"container\" data-settings=\"{&quot;background_background&quot;:&quot;classic&quot;}\">\n\t\t<div class=\"elementor-element elementor-element-fce6904 e-con-full e-flex e-con e-child\" data-id=\"fce6904\" data-element_type=\"container\" data-e-type=\"container\">\n\t\t\t\t<div class=\"elementor-element elementor-element-97e3029 elementor-cta--layout-image-left elementor-cta--valign-top elementor-widget__width-inherit elementor-cta--skin-classic elementor-animated-content elementor-bg-transform elementor-bg-transform-zoom-in elementor-widget elementor-widget-call-to-action\" data-id=\"97e3029\" data-element_type=\"widget\" data-e-type=\"widget\" data-widget_type=\"call-to-action.default\">\n\t\t\t\t<div class=\"elementor-widget-container\">\n\t\t\t\t\t\t\t<div class=\"elementor-cta\">\n\t\t\t\t\t\t\t<div class=\"elementor-cta__content\">\n\t\t\t\t\n\t\t\t\t\t\t\t\t\t<h2 class=\"elementor-cta__title elementor-cta__content-item elementor-content-item\">\n\t\t\t\t\t\tTALENT DEVELOPMENT\t\t\t\t\t<\/h2>\n\t\t\t\t\n\t\t\t\t\t\t\t\t\t<div class=\"elementor-cta__description elementor-cta__content-item elementor-content-item\">\n\t\t\t\t\t\tWorkshops, Keynotes, Retreats. Skills f\u00fcr die Praxis. Relevant, spezifisch, umsetzbar.\t\t\t\t\t<\/div>\n\t\t\t\t\n\t\t\t\t\t\t\t\t\t<div class=\"elementor-cta__button-wrapper elementor-cta__content-item elementor-content-item \">\n\t\t\t\t\t<a class=\"elementor-cta__button elementor-button elementor-size-\" href=\"https:\/\/malteholthaus.com\/final-workshops\/\">\n\t\t\t\t\t\tSKILLS THAT COUNT\t\t\t\t\t<\/a>\n\t\t\t\t\t<\/div>\n\t\t\t\t\t\t\t<\/div>\n\t\t\t\t\t\t<\/div>\n\t\t\t\t\t\t<\/div>\n\t\t\t\t<\/div>\n\t\t\t\t<div class=\"elementor-element elementor-element-1ac3218 elementor-cta--layout-image-left elementor-cta--valign-top elementor-widget__width-inherit elementor-cta--skin-classic elementor-animated-content elementor-bg-transform elementor-bg-transform-zoom-in elementor-widget elementor-widget-call-to-action\" data-id=\"1ac3218\" data-element_type=\"widget\" data-e-type=\"widget\" data-widget_type=\"call-to-action.default\">\n\t\t\t\t<div class=\"elementor-widget-container\">\n\t\t\t\t\t\t\t<div class=\"elementor-cta\">\n\t\t\t\t\t\t\t<div class=\"elementor-cta__content\">\n\t\t\t\t\n\t\t\t\t\t\t\t\t\t<h2 class=\"elementor-cta__title elementor-cta__content-item elementor-content-item\">\n\t\t\t\t\t\tCOACHING\t\t\t\t\t<\/h2>\n\t\t\t\t\n\t\t\t\t\t\t\t\t\t<div class=\"elementor-cta__description elementor-cta__content-item elementor-content-item\">\n\t\t\t\t\t\tIndividuelle Zusammenarbeit. Ma\u00dfgeschneidert, pers\u00f6nlich, ergebnisorientiert.\t\t\t\t\t<\/div>\n\t\t\t\t\n\t\t\t\t\t\t\t\t\t<div class=\"elementor-cta__button-wrapper elementor-cta__content-item elementor-content-item \">\n\t\t\t\t\t<a class=\"elementor-cta__button elementor-button elementor-size-\" href=\"https:\/\/malteholthaus.com\/coaching\/\">\n\t\t\t\t\t\tMEHR ZU COACHING\t\t\t\t\t<\/a>\n\t\t\t\t\t<\/div>\n\t\t\t\t\t\t\t<\/div>\n\t\t\t\t\t\t<\/div>\n\t\t\t\t\t\t<\/div>\n\t\t\t\t<\/div>\n\t\t\t\t<div class=\"elementor-element elementor-element-7cb9904 elementor-cta--layout-image-left elementor-cta--valign-top elementor-widget__width-inherit elementor-cta--skin-classic elementor-animated-content elementor-bg-transform elementor-bg-transform-zoom-in elementor-widget elementor-widget-call-to-action\" data-id=\"7cb9904\" data-element_type=\"widget\" data-e-type=\"widget\" data-widget_type=\"call-to-action.default\">\n\t\t\t\t<div class=\"elementor-widget-container\">\n\t\t\t\t\t\t\t<div class=\"elementor-cta\">\n\t\t\t\t\t\t\t<div class=\"elementor-cta__content\">\n\t\t\t\t\n\t\t\t\t\t\t\t\t\t<h2 class=\"elementor-cta__title elementor-cta__content-item elementor-content-item\">\n\t\t\t\t\t\tADVISORY\t\t\t\t\t<\/h2>\n\t\t\t\t\n\t\t\t\t\t\t\t\t\t<div class=\"elementor-cta__description elementor-cta__content-item elementor-content-item\">\n\t\t\t\t\t\tKlarheit, Umsetzung und Wirkung f\u00fcr Partner und F\u00fchrungsteams. Pragmatische L\u00f6sungen f\u00fcr komplexe Herausforderungen in Kanzlei, Team oder Mandat.\t\t\t\t\t<\/div>\n\t\t\t\t\n\t\t\t\t\t\t\t\t\t<div class=\"elementor-cta__button-wrapper elementor-cta__content-item elementor-content-item \">\n\t\t\t\t\t<a class=\"elementor-cta__button elementor-button elementor-size-\" href=\"https:\/\/malteholthaus.com\/advisory\/\">\n\t\t\t\t\t\tBERATUNG OHNE \"CONSULTING SPEAK\"\t\t\t\t\t<\/a>\n\t\t\t\t\t<\/div>\n\t\t\t\t\t\t\t<\/div>\n\t\t\t\t\t\t<\/div>\n\t\t\t\t\t\t<\/div>\n\t\t\t\t<\/div>\n\t\t\t\t<\/div>\n\t\t\t\t<\/div>\n\t\t\t\t<\/div>\n\t\t","protected":false},"excerpt":{"rendered":"<p>Capability Building f\u00fcr Wirtschaftskanzleien Talent Development, Coaching &amp; Advisory an der Schnittstelle von Recht und Wirtschaft Kontakt aufnehmen Kein Fluff. Nur, was sich in mehr als 20 Jahren Erfahrung auf beiden Seiten (ich war Partner einer globalen Top-Kanzlei) bew\u00e4hrt hat. Was Top-Kanzleien und ihren Teams einen Wettbewerbsvorteil verschafft. Oder den Beteiligten das Leben einfacher macht. [&hellip;]<\/p>\n","protected":false},"author":1,"featured_media":0,"parent":0,"menu_order":0,"comment_status":"closed","ping_status":"closed","template":"","meta":{"footnotes":""},"class_list":["post-31673","page","type-page","status-publish","hentry"],"_links":{"self":[{"href":"https:\/\/malteholthaus.com\/de\/wp-json\/wp\/v2\/pages\/31673","targetHints":{"allow":["GET"]}}],"collection":[{"href":"https:\/\/malteholthaus.com\/de\/wp-json\/wp\/v2\/pages"}],"about":[{"href":"https:\/\/malteholthaus.com\/de\/wp-json\/wp\/v2\/types\/page"}],"author":[{"embeddable":true,"href":"https:\/\/malteholthaus.com\/de\/wp-json\/wp\/v2\/users\/1"}],"replies":[{"embeddable":true,"href":"https:\/\/malteholthaus.com\/de\/wp-json\/wp\/v2\/comments?post=31673"}],"version-history":[{"count":1177,"href":"https:\/\/malteholthaus.com\/de\/wp-json\/wp\/v2\/pages\/31673\/revisions"}],"predecessor-version":[{"id":34363,"href":"https:\/\/malteholthaus.com\/de\/wp-json\/wp\/v2\/pages\/31673\/revisions\/34363"}],"wp:attachment":[{"href":"https:\/\/malteholthaus.com\/de\/wp-json\/wp\/v2\/media?parent=31673"}],"curies":[{"name":"wp","href":"https:\/\/api.w.org\/{rel}","templated":true}]}}