{"id":4635,"date":"2019-10-12T13:18:01","date_gmt":"2019-10-12T12:18:01","guid":{"rendered":"https:\/\/malteholthaus.com\/?page_id=4635"},"modified":"2025-01-04T15:55:53","modified_gmt":"2025-01-04T14:55:53","slug":"impressum","status":"publish","type":"page","link":"https:\/\/malteholthaus.com\/en\/impressum\/","title":{"rendered":"Impressum"},"content":{"rendered":"<div data-elementor-type=\"wp-post\" data-elementor-id=\"4635\" class=\"elementor elementor-4635\" data-elementor-post-type=\"page\">\n\t\t\t\t\t\t<section class=\"elementor-section elementor-top-section elementor-element elementor-element-e0863d1 elementor-section-full_width elementor-section-height-default elementor-section-height-default\" data-id=\"e0863d1\" data-element_type=\"section\" data-e-type=\"section\">\n\t\t\t\t\t\t<div class=\"elementor-container elementor-column-gap-default\">\n\t\t\t\t\t<div class=\"elementor-column elementor-col-100 elementor-top-column elementor-element elementor-element-35e7cec\" data-id=\"35e7cec\" data-element_type=\"column\" data-e-type=\"column\">\n\t\t\t<div class=\"elementor-widget-wrap elementor-element-populated\">\n\t\t\t\t\t\t<div class=\"elementor-element elementor-element-378d36c elementor-widget elementor-widget-text-editor\" data-id=\"378d36c\" data-element_type=\"widget\" data-e-type=\"widget\" data-widget_type=\"text-editor.default\">\n\t\t\t\t<div class=\"elementor-widget-container\">\n\t\t\t\t\t\t\t\t\t<h1>Impressum<\/h1><div id=\"pgc-68-0-1\" class=\"panel-grid-cell panel-grid-cell-mobile-last\" data-weight=\"0.6\"><div id=\"panel-68-0-1-0\" class=\"so-panel widget widget_sow-editor panel-first-child\" data-index=\"0\" data-style=\"{&quot;background_image_attachment&quot;:false,&quot;background_display&quot;:&quot;tile&quot;}\"><div class=\"so-widget-sow-editor so-widget-sow-editor-base\"><div class=\"siteorigin-widget-tinymce textwidget\"><p>Dieses Impressum gilt auch f\u00fcr meine Social-Media Pr\u00e4senzen wie z.B. LinkedIn-, XING- oder Twitter-Profile.<\/p><p>Angaben nach \u00a7 5 TMG und Verantwortlicher f\u00fcr den Inhalt nach \u00a7 55 Abs. 2 RStV:<br \/>Malte-Matthias Holthaus<br \/>H\u00fcxstra\u00dfe 69<br \/>23552 L\u00fcbeck<br \/>+49 (0)173 673 17 53<br \/>malte@malteholthaus.com<br \/>Umsatzsteuer-ID gem\u00e4\u00df \u00a727 a UStG:\u00a0DE309345016<\/p><\/div><\/div><\/div><div id=\"panel-68-0-1-2\" class=\"so-panel widget widget_sow-editor\" data-index=\"2\" data-style=\"{&quot;background_display&quot;:&quot;tile&quot;}\"><div class=\"so-widget-sow-editor so-widget-sow-editor-base\"><div class=\"siteorigin-widget-tinymce textwidget\"><p>Ich \u00fcbernehme keinerlei Gew\u00e4hr f\u00fcr Aktualit\u00e4t oder Korrektheit der auf dieser Internetpr\u00e4senz verf\u00fcgbaren\u00a0Informationen. Soweit nicht nachweislich vors\u00e4tzliches oder grob fahrl\u00e4ssiges Verhalten meinerseits vorliegt, ist jede Haftung f\u00fcr durch die Nutzung dieser Internetpr\u00e4senz sowie darin enthaltener Informationen verursachte Sch\u00e4den ausgeschlossen.<\/p><\/div><\/div><\/div><div id=\"panel-68-0-1-3\" class=\"so-panel widget widget_sow-editor\" data-index=\"3\" data-style=\"{&quot;background_display&quot;:&quot;tile&quot;}\"><div class=\"so-widget-sow-editor so-widget-sow-editor-base\"><div class=\"siteorigin-widget-tinymce textwidget\"><p>Als Diensteanbieter bin ich\u00a0gem\u00e4\u00df \u00a7 7 Abs.1 TMG f\u00fcr eigene Inhalte nach den allgemeinen Vorschriften\u00a0verantwortlich, nach \u00a7\u00a7 8 bis 10 TMG jedoch nicht verpflichtet, \u00fcbermittelte oder gespeicherte fremde Informationen zu \u00fcberwachen oder nach Umst\u00e4nden zu forschen, die auf eine rechtswidrige T\u00e4tigkeit hinweisen.\u00a0Verpflichtungen zur Entfernung oder Sperrung der Nutzung von Informationen nach den allgemeinen Gesetzen bleiben hiervon unber\u00fchrt. Eine diesbez\u00fcgliche Haftung ist jedoch erst ab dem Zeitpunkt der Kenntnis einer konkreten Rechtsverletzung m\u00f6glich. Bei Bekanntwerden von entsprechenden Rechtsverletzungen werden ich\u00a0diese Inhalte umgehend entfernen.\u00a0<\/p><\/div><\/div><\/div><div id=\"panel-68-0-1-4\" class=\"so-panel widget widget_sow-editor panel-last-child\" data-index=\"4\" data-style=\"{&quot;background_display&quot;:&quot;tile&quot;}\"><div class=\"so-widget-sow-editor so-widget-sow-editor-base\"><div class=\"siteorigin-widget-tinymce textwidget\"><p>Mein Angebot enth\u00e4lt Links zu externen Webseiten Dritter, auf deren Inhalte ich\u00a0keinen Einfluss habe und f\u00fcr die ich keine Haftung \u00fcbernehme. F\u00fcr die Inhalte der verlinkten Seiten ist stets der jeweilige Anbieter oder Betreiber der Seiten verantwortlich. Die verlinkten Seiten wurden zum Zeitpunkt der Verlinkung auf m\u00f6gliche Rechtsverst\u00f6\u00dfe \u00fcberpr\u00fcft. Rechtswidrige Inhalte waren zum Zeitpunkt der Verlinkung nicht erkennbar.\u00a0Bei Bekanntwerden von Rechtsverletzungen werde ich derartige Links umgehend entfernen.<\/p><\/div><\/div><\/div><\/div>\t\t\t\t\t\t\t\t<\/div>\n\t\t\t\t<\/div>\n\t\t\t\t\t<\/div>\n\t\t<\/div>\n\t\t\t\t\t<\/div>\n\t\t<\/section>\n\t\t\t\t<\/div>","protected":false},"excerpt":{"rendered":"<p>Impressum Dieses Impressum gilt auch f\u00fcr meine Social-Media Pr\u00e4senzen wie z.B. LinkedIn-, XING- oder Twitter-Profile. Angaben nach \u00a7 5 TMG und Verantwortlicher f\u00fcr den Inhalt nach \u00a7 55 Abs. 2 RStV:Malte-Matthias HolthausH\u00fcxstra\u00dfe 6923552 L\u00fcbeck+49 (0)173 673 17 53malte@malteholthaus.comUmsatzsteuer-ID gem\u00e4\u00df \u00a727 a UStG:\u00a0DE309345016 Ich \u00fcbernehme keinerlei Gew\u00e4hr f\u00fcr Aktualit\u00e4t oder Korrektheit der auf dieser Internetpr\u00e4senz verf\u00fcgbaren\u00a0Informationen. [&hellip;]<\/p>\n","protected":false},"author":1,"featured_media":0,"parent":0,"menu_order":0,"comment_status":"closed","ping_status":"closed","template":"","meta":{"footnotes":""},"class_list":["post-4635","page","type-page","status-publish","hentry"],"_links":{"self":[{"href":"https:\/\/malteholthaus.com\/en\/wp-json\/wp\/v2\/pages\/4635","targetHints":{"allow":["GET"]}}],"collection":[{"href":"https:\/\/malteholthaus.com\/en\/wp-json\/wp\/v2\/pages"}],"about":[{"href":"https:\/\/malteholthaus.com\/en\/wp-json\/wp\/v2\/types\/page"}],"author":[{"embeddable":true,"href":"https:\/\/malteholthaus.com\/en\/wp-json\/wp\/v2\/users\/1"}],"replies":[{"embeddable":true,"href":"https:\/\/malteholthaus.com\/en\/wp-json\/wp\/v2\/comments?post=4635"}],"version-history":[{"count":3,"href":"https:\/\/malteholthaus.com\/en\/wp-json\/wp\/v2\/pages\/4635\/revisions"}],"predecessor-version":[{"id":30692,"href":"https:\/\/malteholthaus.com\/en\/wp-json\/wp\/v2\/pages\/4635\/revisions\/30692"}],"wp:attachment":[{"href":"https:\/\/malteholthaus.com\/en\/wp-json\/wp\/v2\/media?parent=4635"}],"curies":[{"name":"wp","href":"https:\/\/api.w.org\/{rel}","templated":true}]}}